{"id":25,"date":"2015-10-14T10:02:59","date_gmt":"2015-10-14T08:02:59","guid":{"rendered":"http:\/\/www.vzsf.org\/?page_id=25"},"modified":"2018-05-29T20:21:33","modified_gmt":"2018-05-29T18:21:33","slug":"mitglieder","status":"publish","type":"page","link":"http:\/\/www.vzsf.org\/?page_id=25","title":{"rendered":"Mitglieder"},"content":{"rendered":"<p>&nbsp;<\/p>\n<p><a href=\"http:\/\/www.vzsf.org\/wp-content\/uploads\/2015\/10\/zertifizierter-Betrieb.png\"><img decoding=\"async\" loading=\"lazy\" class=\"alignleft wp-image-27 size-thumbnail\" src=\"http:\/\/www.vzsf.org\/wp-content\/uploads\/2015\/10\/zertifizierter-Betrieb-150x150.png\" alt=\"zertifizierter-Betrieb\" width=\"150\" height=\"150\" srcset=\"http:\/\/www.vzsf.org\/wp-content\/uploads\/2015\/10\/zertifizierter-Betrieb-150x150.png 150w, http:\/\/www.vzsf.org\/wp-content\/uploads\/2015\/10\/zertifizierter-Betrieb-300x300.png 300w, http:\/\/www.vzsf.org\/wp-content\/uploads\/2015\/10\/zertifizierter-Betrieb-120x120.png 120w, http:\/\/www.vzsf.org\/wp-content\/uploads\/2015\/10\/zertifizierter-Betrieb-80x80.png 80w, http:\/\/www.vzsf.org\/wp-content\/uploads\/2015\/10\/zertifizierter-Betrieb.png 800w\" sizes=\"(max-width: 150px) 100vw, 150px\" \/><\/a>Die Auswahl der richtigen Partner stellt einen\u00a0zentralen Punkt bei der Umsetzung Ihres Projekts dar. Von unserem Verein zertifizierte Betriebe bieten Ihnen, von der innovativen Planungsidee, \u00a0\u00fcber die fachgerechte Projektabwicklung, bis hin zum perfekten Kundenservice alle Leistung an.<\/p>\n<p>Wir als Verein zu St\u00e4rkung des Fachhandels und Zertifizierungsstelle, sehen unsere Aufgabe in der regelm\u00e4\u00dfigen Evaluierung unserer Mitgliedsbetriebe. Dadurch gew\u00e4hrleisten wir professionelles Arbeiten und eine hohe Kundenzufriedenheit. Die fl\u00e4chendeckende Evaluierung all unserer Betriebe erm\u00f6glicht es uns au\u00dferdem, Trends fr\u00fchzeitig zu erkennen und somit die wirtschaftliche Situation jedes Mitglieds nachhaltig zu steigern.<\/p>\n","protected":false},"excerpt":{"rendered":"<p>&nbsp; Die Auswahl der richtigen Partner stellt einen\u00a0zentralen Punkt bei der Umsetzung Ihres Projekts dar. Von unserem Verein zertifizierte Betriebe bieten Ihnen, von der innovativen Planungsidee, \u00a0\u00fcber die fachgerechte Projektabwicklung, bis hin zum perfekten Kundenservice alle Leistung an. Wir als Verein zu St\u00e4rkung des Fachhandels und Zertifizierungsstelle, sehen unsere Aufgabe in der regelm\u00e4\u00dfigen Evaluierung unserer [&#8230;] <a class=\"read-more\" href=\"http:\/\/www.vzsf.org\/?page_id=25\">Read More <i class=\"icon-double-angle-right\"><\/i><\/a><\/p>\n","protected":false},"author":1,"featured_media":0,"parent":0,"menu_order":0,"comment_status":"closed","ping_status":"closed","template":"","meta":[],"_links":{"self":[{"href":"http:\/\/www.vzsf.org\/index.php?rest_route=\/wp\/v2\/pages\/25"}],"collection":[{"href":"http:\/\/www.vzsf.org\/index.php?rest_route=\/wp\/v2\/pages"}],"about":[{"href":"http:\/\/www.vzsf.org\/index.php?rest_route=\/wp\/v2\/types\/page"}],"author":[{"embeddable":true,"href":"http:\/\/www.vzsf.org\/index.php?rest_route=\/wp\/v2\/users\/1"}],"replies":[{"embeddable":true,"href":"http:\/\/www.vzsf.org\/index.php?rest_route=%2Fwp%2Fv2%2Fcomments&post=25"}],"version-history":[{"count":10,"href":"http:\/\/www.vzsf.org\/index.php?rest_route=\/wp\/v2\/pages\/25\/revisions"}],"predecessor-version":[{"id":37,"href":"http:\/\/www.vzsf.org\/index.php?rest_route=\/wp\/v2\/pages\/25\/revisions\/37"}],"wp:attachment":[{"href":"http:\/\/www.vzsf.org\/index.php?rest_route=%2Fwp%2Fv2%2Fmedia&parent=25"}],"curies":[{"name":"wp","href":"https:\/\/api.w.org\/{rel}","templated":true}]}}