{"id":13,"date":"2015-10-14T09:29:00","date_gmt":"2015-10-14T07:29:00","guid":{"rendered":"http:\/\/www.vzsf.org\/?page_id=13"},"modified":"2024-07-01T10:48:16","modified_gmt":"2024-07-01T08:48:16","slug":"impressum","status":"publish","type":"page","link":"http:\/\/www.vzsf.org\/?page_id=13","title":{"rendered":"Impressum"},"content":{"rendered":"<table width=\"100%\" frame=\"void\" cellspacing=\"0\" cellpadding=\"15\">\n<tbody>\n<tr>\n<td valign=\"top\" width=\"30%\" height=\"50\"><strong>Vereinsdaten:<\/strong><\/td>\n<td valign=\"top\" width=\"70%\" height=\"50\">Verein zur St\u00e4rkung des Fachhandels<br \/>\nGerhard Hackl<br \/>\nHackl-Stra\u00dfe 1<br \/>\n4050 Traun<\/p>\n<p><a href=\"http:\/\/zvr.bmi.gv.at\/zvrlink\/544173628.pdf\" target=\"_blank\" rel=\"noopener\">ZVR-Auszug<\/a><\/td>\n<\/tr>\n<tr>\n<td valign=\"top\"><strong>Gendering:<\/strong><\/td>\n<td valign=\"top\">\n<p align=\"justify\">Die Ber\u00fccksichtigung der Rechte von Frauen und M\u00e4nnern ist uns wichtig und soll sich im Stil dieser Webseite wiederfinden. Das Redaktionsteam bem\u00fcht sich daher um die sprachliche Gleichbehandlung von Personenbezeichnungen. Begriffe wie Mitarbeiter\/in werden verwendet, um die weibliche und die m\u00e4nnliche Form darzustellen. Wird in einigen Dokumenten dennoch nur die weibliche oder m\u00e4nnliche Form verwendet, so dient dies einer gr\u00f6sseren Verst\u00e4ndlichkeit des Textes und soll keinesfalls M\u00e4nner gegen\u00fcber Frauen oder Frauen gegen\u00fcber M\u00e4nnern diskriminieren, sondern f\u00fcr beide Geschlechter gleicherma\u00dfen gelten.<\/p>\n<\/td>\n<\/tr>\n<tr>\n<td valign=\"top\"><strong>Disclaimer:<\/strong><\/td>\n<td valign=\"top\">\n<p align=\"justify\">Der genannte Betreiber ist bem\u00fcht, richtige und vollst\u00e4ndige Informationen auf dieser Website bereitzustellen, \u00fcbernimmt aber keinerlei Verantwortung, Garantien oder Haftung daf\u00fcr, dass die durch diese Website bereitgestellten Informationen, richtig, vollst\u00e4ndig oder aktuell sind.<\/p>\n<p align=\"justify\">Der Betreiber beh\u00e4lt sich das Recht vor, jederzeit und ohne Vorank\u00fcndigung die Informationen auf dieser Website zu \u00e4ndern und verpflichtet sich auch nicht, die enthaltenen Informationen zu aktualisieren. Die Hypertext-Links sind ausschlie\u00dflich als Vereinfachung f\u00fcr die Benutzer gedacht und die Aufnahme eines beliebigen Links bedeutet keine Unterst\u00fctzung oder Empfehlung der verlinkten Information durch den Betreiber und spiegelt nicht die Meinung des Betreibers wider. Der Betreiber ist in keiner Weise verantwortlich f\u00fcr die Inhalte auf irgendeiner verlinkten Website oder irgendeinem Link in einer verlinkten Website.<\/p>\n<p align=\"justify\">In keinem Fall kann der Betreiber f\u00fcr Sch\u00e4den irgendeiner Art haftbar gemacht werden, die sich aus der Nutzung oder den Inhalten oder der Verf\u00fcgbarkeit dieser Website, oder den Dokumenten, Diensten und Informationen auf dieser Website ergeben k\u00f6nnten. Dabei ist es gleichg\u00fcltig, ob der Schaden direkter, indirekter oder finanzieller Natur ist, oder ein Folgeschaden oder sonstiger Schaden ist, der sich aus Datenverlust, Nutzungsausfall oder sonstigen Gr\u00fcnden aller Art ergeben k\u00f6nnte.<\/p>\n<\/td>\n<\/tr>\n<tr>\n<td valign=\"top\" height=\"50\"><strong>Inhalte:<\/strong><\/td>\n<td valign=\"top\" height=\"50\">\n<p align=\"justify\">F\u00fcr die Inhalte unserer Homepage sind die jeweiligen Inhaltegeber verantwortlich.<\/p>\n<\/td>\n<\/tr>\n<tr>\n<td valign=\"top\" height=\"50\"><strong>Email &#8211; Webmaster:<\/strong><\/td>\n<td valign=\"top\" height=\"50\">webmaster@vzsf.org<\/td>\n<\/tr>\n<\/tbody>\n<\/table>\n","protected":false},"excerpt":{"rendered":"<p>Vereinsdaten: Verein zur St\u00e4rkung des Fachhandels Gerhard Hackl Hackl-Stra\u00dfe 1 4050 Traun ZVR-Auszug Gendering: Die Ber\u00fccksichtigung der Rechte von Frauen und M\u00e4nnern ist uns wichtig und soll sich im Stil dieser Webseite wiederfinden. Das Redaktionsteam bem\u00fcht sich daher um die sprachliche Gleichbehandlung von Personenbezeichnungen. Begriffe wie Mitarbeiter\/in werden verwendet, um die weibliche und die m\u00e4nnliche [&#8230;] <a class=\"read-more\" href=\"http:\/\/www.vzsf.org\/?page_id=13\">Read More <i class=\"icon-double-angle-right\"><\/i><\/a><\/p>\n","protected":false},"author":1,"featured_media":0,"parent":0,"menu_order":0,"comment_status":"closed","ping_status":"closed","template":"","meta":[],"_links":{"self":[{"href":"http:\/\/www.vzsf.org\/index.php?rest_route=\/wp\/v2\/pages\/13"}],"collection":[{"href":"http:\/\/www.vzsf.org\/index.php?rest_route=\/wp\/v2\/pages"}],"about":[{"href":"http:\/\/www.vzsf.org\/index.php?rest_route=\/wp\/v2\/types\/page"}],"author":[{"embeddable":true,"href":"http:\/\/www.vzsf.org\/index.php?rest_route=\/wp\/v2\/users\/1"}],"replies":[{"embeddable":true,"href":"http:\/\/www.vzsf.org\/index.php?rest_route=%2Fwp%2Fv2%2Fcomments&post=13"}],"version-history":[{"count":4,"href":"http:\/\/www.vzsf.org\/index.php?rest_route=\/wp\/v2\/pages\/13\/revisions"}],"predecessor-version":[{"id":69,"href":"http:\/\/www.vzsf.org\/index.php?rest_route=\/wp\/v2\/pages\/13\/revisions\/69"}],"wp:attachment":[{"href":"http:\/\/www.vzsf.org\/index.php?rest_route=%2Fwp%2Fv2%2Fmedia&parent=13"}],"curies":[{"name":"wp","href":"https:\/\/api.w.org\/{rel}","templated":true}]}}